{"id":1747,"date":"2025-06-23T12:11:24","date_gmt":"2025-06-23T12:11:24","guid":{"rendered":"https:\/\/cuisinesomega.fr\/concepteurs\/?page_id=1747"},"modified":"2025-07-02T08:37:39","modified_gmt":"2025-07-02T08:37:39","slug":"renovation-cuisine-nantes","status":"publish","type":"page","link":"https:\/\/cuisinesomega.fr\/concepteurs\/loire-atlantique-44\/nantes\/renovation-cuisine-nantes","title":{"rendered":"R\u00e9novation de cuisine \u00e0 Nantes par Cuisines Om\u00e9ga 44"},"content":{"rendered":"","protected":false},"excerpt":{"rendered":"","protected":false},"author":1,"featured_media":1749,"parent":136,"menu_order":0,"comment_status":"closed","ping_status":"closed","template":"","meta":{"_acf_changed":false,"footnotes":""},"class_list":["post-1747","page","type-page","status-publish","has-post-thumbnail","hentry"],"acf":[],"_links":{"self":[{"href":"https:\/\/cuisinesomega.fr\/concepteurs\/wp-json\/wp\/v2\/pages\/1747","targetHints":{"allow":["GET"]}}],"collection":[{"href":"https:\/\/cuisinesomega.fr\/concepteurs\/wp-json\/wp\/v2\/pages"}],"about":[{"href":"https:\/\/cuisinesomega.fr\/concepteurs\/wp-json\/wp\/v2\/types\/page"}],"author":[{"embeddable":true,"href":"https:\/\/cuisinesomega.fr\/concepteurs\/wp-json\/wp\/v2\/users\/1"}],"replies":[{"embeddable":true,"href":"https:\/\/cuisinesomega.fr\/concepteurs\/wp-json\/wp\/v2\/comments?post=1747"}],"version-history":[{"count":8,"href":"https:\/\/cuisinesomega.fr\/concepteurs\/wp-json\/wp\/v2\/pages\/1747\/revisions"}],"predecessor-version":[{"id":1865,"href":"https:\/\/cuisinesomega.fr\/concepteurs\/wp-json\/wp\/v2\/pages\/1747\/revisions\/1865"}],"up":[{"embeddable":true,"href":"https:\/\/cuisinesomega.fr\/concepteurs\/wp-json\/wp\/v2\/pages\/136"}],"wp:featuredmedia":[{"embeddable":true,"href":"https:\/\/cuisinesomega.fr\/concepteurs\/wp-json\/wp\/v2\/media\/1749"}],"wp:attachment":[{"href":"https:\/\/cuisinesomega.fr\/concepteurs\/wp-json\/wp\/v2\/media?parent=1747"}],"curies":[{"name":"wp","href":"https:\/\/api.w.org\/{rel}","templated":true}]}}